{"id":11,"date":"2020-12-14T14:56:53","date_gmt":"2020-12-14T14:56:53","guid":{"rendered":"http:\/\/mlfoto.fi\/?page_id=11"},"modified":"2025-02-15T22:01:48","modified_gmt":"2025-02-15T22:01:48","slug":"jotain-minusta","status":"publish","type":"page","link":"https:\/\/mlfoto.fi\/index.php\/jotain-minusta\/","title":{"rendered":"Jotain MLFotosta"},"content":{"rendered":"\n<p><\/p>\n\n\n\n<p>Kaikki alkoi valokuvauksen harrastuksesta vuonna 1997.  Kuvasin tapahtumia, maisemia, luontoa, el\u00e4imi\u00e4, koneita, urheilua ja tietenkin my\u00f6s ihmisi\u00e4. Kun kuvattavaa oli riitt\u00e4v\u00e4sti, perustin Tmi MLFoton vuonna 2010. Yritystoiminta keskittyy nyky\u00e4\u00e4n l\u00e4hinn\u00e4 tapahtumakuvaukseen sek\u00e4 kuvien myyntiin erilaisiin k\u00e4ytt\u00f6tarkoituksiin.<\/p>\n","protected":false},"excerpt":{"rendered":"<p>Kaikki alkoi valokuvauksen harrastuksesta vuonna 1997. Kuvasin tapahtumia, maisemia, luontoa, el\u00e4imi\u00e4, koneita, urheilua ja tietenkin my\u00f6s ihmisi\u00e4. Kun kuvattavaa oli riitt\u00e4v\u00e4sti, perustin Tmi MLFoton vuonna 2010. Yritystoiminta keskittyy nyky\u00e4\u00e4n l\u00e4hinn\u00e4 tapahtumakuvaukseen sek\u00e4 kuvien myyntiin erilaisiin k\u00e4ytt\u00f6tarkoituksiin.<\/p>\n","protected":false},"author":1,"featured_media":0,"parent":0,"menu_order":0,"comment_status":"closed","ping_status":"closed","template":"","meta":{"footnotes":""},"class_list":["post-11","page","type-page","status-publish","hentry"],"_links":{"self":[{"href":"https:\/\/mlfoto.fi\/index.php\/wp-json\/wp\/v2\/pages\/11","targetHints":{"allow":["GET"]}}],"collection":[{"href":"https:\/\/mlfoto.fi\/index.php\/wp-json\/wp\/v2\/pages"}],"about":[{"href":"https:\/\/mlfoto.fi\/index.php\/wp-json\/wp\/v2\/types\/page"}],"author":[{"embeddable":true,"href":"https:\/\/mlfoto.fi\/index.php\/wp-json\/wp\/v2\/users\/1"}],"replies":[{"embeddable":true,"href":"https:\/\/mlfoto.fi\/index.php\/wp-json\/wp\/v2\/comments?post=11"}],"version-history":[{"count":8,"href":"https:\/\/mlfoto.fi\/index.php\/wp-json\/wp\/v2\/pages\/11\/revisions"}],"predecessor-version":[{"id":283,"href":"https:\/\/mlfoto.fi\/index.php\/wp-json\/wp\/v2\/pages\/11\/revisions\/283"}],"wp:attachment":[{"href":"https:\/\/mlfoto.fi\/index.php\/wp-json\/wp\/v2\/media?parent=11"}],"curies":[{"name":"wp","href":"https:\/\/api.w.org\/{rel}","templated":true}]}}